{"id":2130,"date":"2017-01-13T11:06:59","date_gmt":"2017-01-13T10:06:59","guid":{"rendered":"https:\/\/www.davincihotel.it\/de\/le-nostre-camere\/"},"modified":"2019-07-24T16:23:47","modified_gmt":"2019-07-24T14:23:47","slug":"unsere-zimmer","status":"publish","type":"page","link":"https:\/\/www.davincihotel.it\/de\/unsere-zimmer\/","title":{"rendered":"Unsere Zimmer"},"content":{"rendered":"<p>im <strong>Hotel Da Vinci in Montecatini Terme <\/strong>finden Sie die beste L\u00f6sung f\u00fcr Ihren Aufenthalt, . Es stehen verschiedene <strong>Zimmer zur Verf\u00fcgung, Ihre Bed\u00fcrfnisse zufriedenzustellen.\u00a0 <\/strong><\/p>\n<p>Zimmer <strong>SUPERIOR<\/strong>,<strong> die beste Zimmer<\/strong> mit allen Dienstleistungen inkludiert, sind \u00a0<strong>die meistverkauften<\/strong>. Sie k\u00f6nnen \u00a0<strong>ein k\u00f6stliches Abendessen in unserem<\/strong> \u00a0<strong>Restaurant \u00a0Leonardo<\/strong> <strong>hinf\u00fcgen<\/strong> und die vorteilhafte Formel <strong>HALB PENSION<\/strong> w\u00e4hlen.<\/p>\n<p>Zimmer <strong>CLASSIC<\/strong>, die <strong>Einfachheit und Komfort<\/strong> vereint, ist die preiswerteste<\/p>\n<p><strong>DREIBETT-Zimmer <\/strong>\u00a0ist f\u00fcr diejenigen, die <strong>im Urlaub mehr Platz ben\u00f6tigen<\/strong>.<\/p>\n<p>Alle Zimmer im Hotel Da Vinci sind hell, gem\u00fctlich,\u00a0 mit schallged\u00e4mmten T\u00fcren und elektronischem Zugang ausgestattet, verf\u00fcgen \u00fcber privatem Badezimmer mit Dusche und F\u00f6n, <strong>Klimaanlage<\/strong>, Flachbildfernseher mit \u00a0ausl\u00e4ndischen Programme, Safe \u00a0und Telefon.<\/p>\n<p>Enthalten im Preis ist unser k\u00f6stliches <strong>Fr\u00fchst\u00fcck mit American Buffet<\/strong>, <strong>WLAN<\/strong> im gesamten Haus und Zugang zum <strong>Panorama-Swimmingpool<\/strong> auf der Terrasse der Dependance, 50\u00a0Meter vom Hauptgeb\u00e4ude des Hotels (ge\u00f6ffnet vom 15.\u00a0April bis\u00a0 15.\u00a0Oktober).<\/p>\n<h2 style=\"text-align: center;\">Hier klicken und alle Formel des Hotels Da Vinci im Detail entdecken<\/h2>\n","protected":false},"excerpt":{"rendered":"<p>im Hotel Da Vinci in Montecatini Terme finden Sie die beste L\u00f6sung f\u00fcr Ihren Aufenthalt, . Es stehen verschiedene Zimmer zur Verf\u00fcgung, Ihre Bed\u00fcrfnisse zufriedenzustellen.\u00a0 Zimmer SUPERIOR, die beste Zimmer mit allen Dienstleistungen inkludiert, sind \u00a0die meistverkauften. Sie k\u00f6nnen \u00a0ein k\u00f6stliches Abendessen in unserem \u00a0Restaurant \u00a0Leonardo hinf\u00fcgen und die vorteilhafte Formel HALB PENSION w\u00e4hlen. Zimmer CLASSIC, die Einfachheit und Komfort vereint, ist die preiswerteste DREIBETT-Zimmer \u00a0ist f\u00fcr diejenigen, die im &#8230;<\/p>\n","protected":false},"author":1,"featured_media":0,"parent":0,"menu_order":0,"comment_status":"closed","ping_status":"closed","template":"","meta":{"_acf_changed":false},"class_list":["post-2130","page","type-page","status-publish","hentry"],"acf":[],"publishpress_future_workflow_manual_trigger":{"enabledWorkflows":[]},"_links":{"self":[{"href":"https:\/\/www.davincihotel.it\/de\/wp-json\/wp\/v2\/pages\/2130","targetHints":{"allow":["GET"]}}],"collection":[{"href":"https:\/\/www.davincihotel.it\/de\/wp-json\/wp\/v2\/pages"}],"about":[{"href":"https:\/\/www.davincihotel.it\/de\/wp-json\/wp\/v2\/types\/page"}],"author":[{"embeddable":true,"href":"https:\/\/www.davincihotel.it\/de\/wp-json\/wp\/v2\/users\/1"}],"replies":[{"embeddable":true,"href":"https:\/\/www.davincihotel.it\/de\/wp-json\/wp\/v2\/comments?post=2130"}],"version-history":[{"count":0,"href":"https:\/\/www.davincihotel.it\/de\/wp-json\/wp\/v2\/pages\/2130\/revisions"}],"wp:attachment":[{"href":"https:\/\/www.davincihotel.it\/de\/wp-json\/wp\/v2\/media?parent=2130"}],"curies":[{"name":"wp","href":"https:\/\/api.w.org\/{rel}","templated":true}]}}