{"id":2110,"date":"2017-01-16T12:44:41","date_gmt":"2017-01-16T11:44:41","guid":{"rendered":"https:\/\/www.davincihotel.it\/de\/dintorni-di-montecatini-terme\/"},"modified":"2018-08-30T10:18:19","modified_gmt":"2018-08-30T08:18:19","slug":"ihr-aufenthalt-in-montecatini-im-zentrum","status":"publish","type":"page","link":"https:\/\/www.davincihotel.it\/de\/ihr-aufenthalt-in-montecatini-im-zentrum\/","title":{"rendered":"Ihr Aufenthalt in Montecatini, im Zentrum"},"content":{"rendered":"<div class=\"row\">\n<div class=\"col-md-6\">\n<div class=\"map-block\">\n<h1>Ihr Aufenthalt in Montecatini, im Zentrum<\/h1>\n<p><img decoding=\"async\" class=\"img-responsive\" src=\"https:\/\/www.davincihotel.it\/wp-content\/uploads\/2017\/09\/cosa-fare-funicolare.jpg\" alt=\"\" \/><\/p>\n<div class=\"map-block-inner\">Im Hotel Da Vinci wohnen Sie in der N\u00e4he der <strong>Thermen von Montecatini<\/strong> sowie des gr\u00fcnen <strong>Parks<\/strong>, der der gesamten Stadt Schatten spendet.<br \/>\nHier befinden Sie sich im <strong>Zentrum<\/strong> und k\u00f6nnen auch die <strong>Sportanlagen<\/strong> und die charakteristische <strong>Standseilbahn<\/strong> nach <strong>Montecatini Alto<\/strong> einfach erreichen.\u00a0<a href=\"#cosa-vedere\">ENTDECKEN SIE, WAS ES IN MONTECATINI TERME ZU SEHEN GIBT<\/a><\/div>\n<\/div>\n<\/div>\n<div class=\"col-md-6\">\n<div class=\"map-block\">\n<h2>Au\u00dferhalb der Thermen der ganze Reiz der Toskana<\/h2>\n<p><img decoding=\"async\" class=\"img-responsive\" src=\"https:\/\/www.davincihotel.it\/wp-content\/uploads\/2017\/09\/cosa-fare-pistoia.jpg\" alt=\"\" \/><\/p>\n<div class=\"map-block-inner\">Montecatini Terme befindet sich genau in der <strong>Mitte zwischen Florenz und Pisa<\/strong> und bietet Ihnen die M\u00f6glichkeit, das Herz der Toskana zu erleben und die faszinierendsten orte zu besuchen.<br \/>\nEntdecken Sie auf der Welt einzigartige Kunstwerke und mittelalterliche Weiler von seltener Sch\u00f6nheit.<br \/>\nErleben Sie eine einzigartige Erfahrung aus Landschaften von unendlicher Sch\u00f6nheit sowie unvergesslichen D\u00fcften und Aromen. <a href=\"#dintorni\">ENTDECKEN SIE, WAS ES IN DER UMGEBUNG GIBT<\/a><\/div>\n<\/div>\n<\/div>\n<\/div>\n<h2 id=\"cosa-vedere\" data-paddingtopscroll=\"120\">Sehensw\u00fcrdigkeiten in Montecatini Terme<\/h2>\n<div class=\"locations\">\n<div class=\"row\">\n<div class=\"col-md-4\">\n<h3>Die Thermen von Montecatini<\/h3>\n<p><img decoding=\"async\" class=\"img-responsive\" src=\"https:\/\/www.davincihotel.it\/wp-content\/uploads\/2017\/01\/terme-Tettuccio-00-585x335.jpg\" alt=\"\" \/><\/p>\n<p>Der Komplex von Montecatini besteht aus den <strong>Thermen Tettuccio, Redi und Excelsior<\/strong>.<br \/>\nWillkommen in der <strong>nat\u00fcrlichen Wellness-Quelle<\/strong>, in der sowohl Reha-Behandlungen, als auch kosmetische Behandlungen angeboten werden.<br \/>\nHier gibt es vier Quellwassersorten mit wohltuenden Eigenschaften, die warm aus der Erde entspringen: <strong>Rinfresco, Tettuccio, Regina und Leopoldina<\/strong>.<\/p>\n<\/div>\n<div class=\"col-md-4\">\n<h3>Die Standseilbahn<\/h3>\n<p><img decoding=\"async\" class=\"img-responsive\" src=\"https:\/\/www.davincihotel.it\/wp-content\/uploads\/2017\/01\/funicolare-01-585x335.jpg\" alt=\"\" \/><\/p>\n<p>Ein sch\u00f6ner roter <strong>historischer Zug<\/strong>, der auf Schienen auf einer Reise au\u00dferhalb der Zeit bis nach <strong>Montecatini Alto<\/strong> f\u00fchrt.<br \/>\nEingetaucht in das Gr\u00fcn des H\u00fcgels bieten die Wagen <strong>Gigio und Gigia<\/strong> Ihnen auf der kurzen Fahrt durch die Natur eine romantische Retr\u00f2-Erfahrung.<\/p>\n<\/div>\n<div class=\"col-md-4\">\n<h3>Montecatini Alto<\/h3>\n<p><img decoding=\"async\" class=\"img-responsive\" src=\"https:\/\/www.davincihotel.it\/wp-content\/uploads\/2017\/01\/montecatini-alto-03-585x335.jpg\" alt=\"\" \/><\/p>\n<p>Der Weiler der <strong>mittelalterlichen<\/strong> Altstadt war urspr\u00fcnglich von einer Mauer mit T\u00fcrmen umgeben.<br \/>\nIm oberen Teil, wo sich die alte Burg befindet, befindet sich die <strong>Piazzetta<\/strong> mit ihren Restaurants und L\u00e4den f\u00fcr lokale Erzeugnisse.<br \/>\nEin Must ist ein <strong>romantischer Spaziergang<\/strong>, um dassch\u00f6ne <strong>Panorama<\/strong> des Valdinievole von oben zu bewundern.<\/p>\n<\/div>\n<\/div>\n<div class=\"row\">\n<div class=\"col-md-4\">\n<h3>Der Park von Montecatini<\/h3>\n<p><img decoding=\"async\" class=\"img-responsive\" src=\"https:\/\/www.davincihotel.it\/wp-content\/uploads\/2017\/01\/pineta-montecatini-01-585x335.jpg\" alt=\"\" \/><\/p>\n<p>Um die Thermen herum erstreckt sich ein Park, eine wahre <strong>gr\u00fcne Wellness-Oase<\/strong>, wo Sie im Freien angenehme Momente im Kontakt mit der Natur erleben k\u00f6nnen.<br \/>\nMachen Sie einen Spaziergang unter den B\u00e4ume und entspannen Sie sich wenige Schritte vom Stadtzentrum entfernt.<\/p>\n<\/div>\n<div class=\"col-md-4\">\n<h3>Die Giusti-Grotte<\/h3>\n<p><img decoding=\"async\" class=\"img-responsive\" src=\"https:\/\/www.davincihotel.it\/wp-content\/uploads\/2017\/01\/terme-Grotta-Giusti-01-585x335.jpg\" alt=\"\" \/><\/p>\n<p>Eingetaucht in das Thermalwasser eines <strong>700\u00a0m\u00b2 gro\u00dfen Sees<\/strong>; entdecken Sie die Sch\u00f6nheiten und die therapeutischen Eigenschaften dieser wundersch\u00f6nen <strong>Naturgrotte<\/strong>.<br \/>\nAll dies in Monsummano Terme, wenige Autominuten von Montecatini, in der N\u00e4he der <strong>Beauty Farm\u00a0&#8220;Grotta Giusti&#8221;<\/strong>.<\/p>\n<\/div>\n<div class=\"col-md-4\">\n<h3>Das PalaTerme<\/h3>\n<p><img decoding=\"async\" class=\"img-responsive\" src=\"https:\/\/www.davincihotel.it\/wp-content\/uploads\/2017\/01\/palaterme-montecatini.jpg\" alt=\"\" \/><\/p>\n<p>Auch bekannt als PalaMadigan, die gr\u00f6\u00dfte Sportanlage von Montecatini Terme.<br \/>\nHier finden die wichtigsten <strong>Basketball<\/strong>&#8211; und <strong>Volleyballspiele<\/strong> sowie die wichtigsten <strong>Sportveranstaltungen<\/strong> der Region statt.<br \/>\nWenn der Sport Ihre Leidenschaft ist und Sie in die Toskana f\u00fchrt, ist das Hotel Da\u00a0Vinci sehr bequem, denn es befindet sich <strong>weniger als 10\u00a0Fu\u00dfminuten<\/strong> vom PalaTerme entfernt.<\/p>\n<\/div>\n<\/div>\n<\/div>\n","protected":false},"excerpt":{"rendered":"<p>Ihr Aufenthalt in Montecatini, im Zentrum Im Hotel Da Vinci wohnen Sie in der N\u00e4he der Thermen von Montecatini sowie des gr\u00fcnen Parks, der der gesamten Stadt Schatten spendet. Hier befinden Sie sich im Zentrum und k\u00f6nnen auch die Sportanlagen und die charakteristische Standseilbahn nach Montecatini Alto einfach erreichen.\u00a0ENTDECKEN SIE, WAS ES IN MONTECATINI TERME ZU SEHEN GIBT Au\u00dferhalb der Thermen der ganze Reiz der Toskana Montecatini Terme befindet sich &#8230;<\/p>\n","protected":false},"author":1,"featured_media":0,"parent":0,"menu_order":0,"comment_status":"closed","ping_status":"closed","template":"page-mappa-interattiva.php","meta":{"_acf_changed":false},"class_list":["post-2110","page","type-page","status-publish","hentry"],"acf":[],"publishpress_future_workflow_manual_trigger":{"enabledWorkflows":[]},"_links":{"self":[{"href":"https:\/\/www.davincihotel.it\/de\/wp-json\/wp\/v2\/pages\/2110","targetHints":{"allow":["GET"]}}],"collection":[{"href":"https:\/\/www.davincihotel.it\/de\/wp-json\/wp\/v2\/pages"}],"about":[{"href":"https:\/\/www.davincihotel.it\/de\/wp-json\/wp\/v2\/types\/page"}],"author":[{"embeddable":true,"href":"https:\/\/www.davincihotel.it\/de\/wp-json\/wp\/v2\/users\/1"}],"replies":[{"embeddable":true,"href":"https:\/\/www.davincihotel.it\/de\/wp-json\/wp\/v2\/comments?post=2110"}],"version-history":[{"count":0,"href":"https:\/\/www.davincihotel.it\/de\/wp-json\/wp\/v2\/pages\/2110\/revisions"}],"wp:attachment":[{"href":"https:\/\/www.davincihotel.it\/de\/wp-json\/wp\/v2\/media?parent=2110"}],"curies":[{"name":"wp","href":"https:\/\/api.w.org\/{rel}","templated":true}]}}