{"id":2106,"date":"2017-01-16T10:14:59","date_gmt":"2017-01-16T09:14:59","guid":{"rendered":"https:\/\/www.davincihotel.it\/de\/come-arrivare-a-montecatini-terme\/"},"modified":"2017-09-22T09:28:30","modified_gmt":"2017-09-22T07:28:30","slug":"bequeme-anreise-zum-hotel-mit-dem-auto","status":"publish","type":"page","link":"https:\/\/www.davincihotel.it\/de\/bequeme-anreise-zum-hotel-mit-dem-auto\/","title":{"rendered":"Bequeme Anreise zum Hotel mit dem Auto"},"content":{"rendered":"<div class=\"row\">\n<div class=\"col-md-6\">\n<div class=\"map-block\">\n<h1>Bequeme Anreise zum Hotel mit dem Auto<\/h1>\n<p><img decoding=\"async\" class=\"img-responsive\" src=\"https:\/\/www.davincihotel.it\/wp-content\/uploads\/2017\/01\/hotel-da-vinci-1.jpg\" alt=\"\" \/><\/p>\n<div class=\"map-block-inner\"><strong>Das Hotel Da Vinci ist einfach und schnell zu erreichen<\/strong>. Sie reisen mit dem Auto an? Sie befinden sich in der N\u00e4he der verkehrsberuhigten Zone und finden eine privaten Parkplatz auf dem Hotelgel\u00e4nde (gegen Aufpreis) oder kostenlose Parkpl\u00e4tze in der n\u00e4heren Umgebung.<br \/>\nSie kommen mit der Bahn? Sie sind sehr nahe am Bahnhof, der zu Fu\u00df in wenigen Minuten zu erreichen ist.<br \/>\nSie bevorzugen das Flugzeug? Die beiden Flugh\u00e4fen Pisa und Florenz sind nur wenige Kilometer entfernt. <a href=\"#section-builder\">Anreise<\/a><\/div>\n<\/div>\n<\/div>\n<div class=\"col-md-6\">\n<div class=\"map-block\">\n<h2>Nicht nur Thermen! Montecatini ist im zentrum der Toskana<\/h2>\n<p><img decoding=\"async\" class=\"img-responsive\" src=\"https:\/\/www.davincihotel.it\/wp-content\/uploads\/2017\/09\/dove-siamo-pisa.jpg\" alt=\"\" \/><\/p>\n<div class=\"map-block-inner\">Wussten Sie, dass Sie von Montecatini Terme aus mit dem Auto Florenz in 50\u00a0Minuten und Pisa in 40\u00a0Minuten erreichen k\u00f6nnen?<br \/>\nHier k\u00f6nnen Sie entscheiden, wie Sie Ihren Urlaub in der Toskana verbringen: Entspannung in den historischen Thermen von Montecatini sowie kulturelle Ausfl\u00fcge zur Entdeckung alter Weiler und atemberaubender Naturlandschaften.<br \/>\nVon Lucca bis nach Pistoia (italienische Kulturhauptstadt 2017) und zu den T\u00e4lern des Chianti. <a href=\"https:\/\/www.davincihotel.it\/de\/ihr-aufenthalt-in-montecatini-im-zentrum\/\">Sehensw\u00fcrdigkeiten<\/a><\/div>\n<\/div>\n<\/div>\n<\/div>\n","protected":false},"excerpt":{"rendered":"<p>Bequeme Anreise zum Hotel mit dem Auto Das Hotel Da Vinci ist einfach und schnell zu erreichen. Sie reisen mit dem Auto an? Sie befinden sich in der N\u00e4he der verkehrsberuhigten Zone und finden eine privaten Parkplatz auf dem Hotelgel\u00e4nde (gegen Aufpreis) oder kostenlose Parkpl\u00e4tze in der n\u00e4heren Umgebung. Sie kommen mit der Bahn? Sie sind sehr nahe am Bahnhof, der zu Fu\u00df in wenigen Minuten zu erreichen ist. Sie &#8230;<\/p>\n","protected":false},"author":1,"featured_media":0,"parent":0,"menu_order":0,"comment_status":"closed","ping_status":"closed","template":"page-mappa-interattiva.php","meta":{"_acf_changed":false},"class_list":["post-2106","page","type-page","status-publish","hentry"],"acf":[],"publishpress_future_workflow_manual_trigger":{"enabledWorkflows":[]},"_links":{"self":[{"href":"https:\/\/www.davincihotel.it\/de\/wp-json\/wp\/v2\/pages\/2106","targetHints":{"allow":["GET"]}}],"collection":[{"href":"https:\/\/www.davincihotel.it\/de\/wp-json\/wp\/v2\/pages"}],"about":[{"href":"https:\/\/www.davincihotel.it\/de\/wp-json\/wp\/v2\/types\/page"}],"author":[{"embeddable":true,"href":"https:\/\/www.davincihotel.it\/de\/wp-json\/wp\/v2\/users\/1"}],"replies":[{"embeddable":true,"href":"https:\/\/www.davincihotel.it\/de\/wp-json\/wp\/v2\/comments?post=2106"}],"version-history":[{"count":0,"href":"https:\/\/www.davincihotel.it\/de\/wp-json\/wp\/v2\/pages\/2106\/revisions"}],"wp:attachment":[{"href":"https:\/\/www.davincihotel.it\/de\/wp-json\/wp\/v2\/media?parent=2106"}],"curies":[{"name":"wp","href":"https:\/\/api.w.org\/{rel}","templated":true}]}}