{"id":2102,"date":"2016-10-25T17:32:11","date_gmt":"2016-10-25T15:32:11","guid":{"rendered":"https:\/\/www.davincihotel.it\/de\/home-page\/"},"modified":"2019-07-24T18:09:52","modified_gmt":"2019-07-24T16:09:52","slug":"home-page","status":"publish","type":"page","link":"https:\/\/www.davincihotel.it\/de\/","title":{"rendered":"Ihr 4-Sterne-Hotel in Montecatini Terme"},"content":{"rendered":"<h2>Leben Sie einen Aufenthalt ohne Verzicht, reich an Entspannung, Wellness, Kunst und Kultur<\/h2>\n<p>Kommen Sie, um zusammen mit uns zu entdecken, was man in Montecatini Terme machen kann.<br \/>\nIm Da Vinci erwartet Sie die Familie Biondi im Herzen der Toskana, um Ihren Urlaub dem Stil und den Dienstleistungen eines 4-Sterne-Hotels zu begleiten, in dem die Gastfreundlichkeit vor allem eine Leidenschaft ist, die seit Generationen \u00fcberliefert wird.<\/p>\n<p>Hier finden Sie ein elegantes Ambiente, wo sich der Charme des klassischen Stils mit gro\u00dfen, unl\u00e4ngst renovierten R\u00e4umen mit modern eingerichteten Badezimmern.<br \/>\nAu\u00dferdem ist stets jemand verf\u00fcgbar, um Sie auf der Entdeckung der versteckten Ecken der Toskana zu begleiten und Ihnen die besten Parcours der Thermen von Montecatini zu empfehlen.<\/p>\n<p>Nur 50\u00a0Meter vom Hauptgeb\u00e4ude erwartet Sie auf der sch\u00f6nen Terrasse der Dependance ein zauberhafter Pool mit Panorama-Blick auf die H\u00fcgel von Montecatini Alto.<br \/>\nWarten Sie nicht, tauchen Sie ein in ein regenerierendes Bad und g\u00f6nnen Sie sich Momente der Entspannung auf den Liegen der Sonnenterrasse.<\/p>\n","protected":false},"excerpt":{"rendered":"<p>Leben Sie einen Aufenthalt ohne Verzicht, reich an Entspannung, Wellness, Kunst und Kultur Kommen Sie, um zusammen mit uns zu entdecken, was man in Montecatini Terme machen kann. Im Da Vinci erwartet Sie die Familie Biondi im Herzen der Toskana, um Ihren Urlaub dem Stil und den Dienstleistungen eines 4-Sterne-Hotels zu begleiten, in dem die Gastfreundlichkeit vor allem eine Leidenschaft ist, die seit Generationen \u00fcberliefert wird. Hier finden Sie ein &#8230;<\/p>\n","protected":false},"author":1,"featured_media":0,"parent":0,"menu_order":0,"comment_status":"closed","ping_status":"closed","template":"","meta":{"_acf_changed":false},"class_list":["post-2102","page","type-page","status-publish","hentry"],"acf":[],"publishpress_future_workflow_manual_trigger":{"enabledWorkflows":[]},"_links":{"self":[{"href":"https:\/\/www.davincihotel.it\/de\/wp-json\/wp\/v2\/pages\/2102","targetHints":{"allow":["GET"]}}],"collection":[{"href":"https:\/\/www.davincihotel.it\/de\/wp-json\/wp\/v2\/pages"}],"about":[{"href":"https:\/\/www.davincihotel.it\/de\/wp-json\/wp\/v2\/types\/page"}],"author":[{"embeddable":true,"href":"https:\/\/www.davincihotel.it\/de\/wp-json\/wp\/v2\/users\/1"}],"replies":[{"embeddable":true,"href":"https:\/\/www.davincihotel.it\/de\/wp-json\/wp\/v2\/comments?post=2102"}],"version-history":[{"count":0,"href":"https:\/\/www.davincihotel.it\/de\/wp-json\/wp\/v2\/pages\/2102\/revisions"}],"wp:attachment":[{"href":"https:\/\/www.davincihotel.it\/de\/wp-json\/wp\/v2\/media?parent=2102"}],"curies":[{"name":"wp","href":"https:\/\/api.w.org\/{rel}","templated":true}]}}